{"id":3705,"date":"2024-10-15T21:45:38","date_gmt":"2024-10-15T19:45:38","guid":{"rendered":"https:\/\/clubtenisllucmajor.es\/?page_id=3705"},"modified":"2025-03-09T15:26:46","modified_gmt":"2025-03-09T14:26:46","slug":"torneo-social-2024-2025","status":"publish","type":"page","link":"https:\/\/clubtenisllucmajor.es\/?page_id=3705","title":{"rendered":"Social Absoluto 2024-2025"},"content":{"rendered":"\n<div class=\"wp-block-uagb-container uagb-block-ae0bc409 alignfull uagb-is-root-container\"><div class=\"uagb-container-inner-blocks-wrap\">\n<div data-aos= \"fade-up\" data-aos-duration=\"400\" data-aos-delay=\"0\" data-aos-easing=\"ease\" data-aos-once=\"true\" class=\"wp-block-uagb-advanced-heading uagb-block-59973544\"><h1 class=\"uagb-heading-text\">Social Absoluto 2024-2025<\/h1><\/div>\n<\/div><\/div>\n\n\n\n<div style=\"height:21px\" aria-hidden=\"true\" class=\"wp-block-spacer\"><\/div>\n\n\n\n<div class=\"wp-block-uagb-container uagb-layout-grid uagb-block-5fcee4f8 alignfull uagb-is-root-container\"><div class=\"uagb-container-inner-blocks-wrap\">\n<p class=\"has-text-align-left\">Bienvenido a la p\u00e1gina del torneo social Absoluto 2024-2025, aqu\u00ed podr\u00e1s encontrar el ranking y los resultados de la fase clasificatoria, as\u00ed como los cuadros de la fase final.<\/p>\n\n\n\t\t\t\t<div class=\"wp-block-uagb-table-of-contents uagb-toc__align-left uagb-toc__columns-1  uagb-block-9a08e4f4      \"\n\t\t\t\t\tdata-scroll= \"1\"\n\t\t\t\t\tdata-offset= \"30\"\n\t\t\t\t\tstyle=\"\"\n\t\t\t\t>\n\t\t\t\t<div class=\"uagb-toc__wrap\">\n\t\t\t\t\t\t<div class=\"uagb-toc__title\">\n\t\t\t\t\t\t\tContenido\t\t\t\t\t\t<\/div>\n\t\t\t\t\t\t\t\t\t\t\t\t\t\t\t\t\t\t\t\t\t\t<div class=\"uagb-toc__list-wrap \">\n\t\t\t\t\t\t<ol class=\"uagb-toc__list\"><li class=\"uagb-toc__list\"><a href=\"#ranking-actualizado\" class=\"uagb-toc-link__trigger\">Ranking actualizado<\/a><li class=\"uagb-toc__list\"><a href=\"#resultados-fase-clasificatoria\" class=\"uagb-toc-link__trigger\">Resultados Fase Clasificatoria<\/a><li class=\"uagb-toc__list\"><a href=\"#normativa-del-torneo\" class=\"uagb-toc-link__trigger\">Normativa del torneo<\/a><\/ol>\t\t\t\t\t<\/div>\n\t\t\t\t\t\t\t\t\t<\/div>\n\t\t\t\t<\/div>\n\t\t\t\n\n\n<p class=\"has-text-align-left\">Como ya sab\u00e9is,  este a\u00f1o 2024 tuvimos la primera edici\u00f3n del Torneo Social Absoluto, que fue todo un \u00e9xito de participaci\u00f3n y del que hemos recibido muy buenos comentarios.<\/p>\n\n\n\n<p class=\"has-text-align-left\">Es por eso que nos hemos animado a cambiar el formato del torneo <strong>SOCIAL ABSOLUTO 2024\/25<\/strong>, con el objetivo de que la competici\u00f3n se pueda alargar durante todo el a\u00f1o y pod\u00e1is jugar muchos mas partidos. Durante la mayor parte del a\u00f1o podr\u00e9is jugar tantos partidos como quer\u00e1is y eso nos permitir\u00e1 hacer un ranking de jugadores del club (como en la ATP \ud83d\ude09). Este ranking ser\u00e1 la base para componer el cuadro final del torneo que se jugar\u00e1 en verano de 2025.<\/p>\n\n\n\n<div style=\"height:21px\" aria-hidden=\"true\" class=\"wp-block-spacer\"><\/div>\n\n\n\n<p class=\"has-text-align-left\"><strong>\u00bfQuieres participar? Es muy f\u00e1cil:<\/strong><\/p>\n\n\n\n<ul class=\"wp-block-list\">\n<li>Te asignaremos un ranking inicial en funci\u00f3n de tu nivel<\/li>\n\n\n\n<li>Sabr\u00e1s con que jugadores puedes enfrentarte, para que sea un partido interesante para los dos.<\/li>\n\n\n\n<li>Eliges a uno y le pides jugar. Acord\u00e1is entre vosotros cuando.<\/li>\n\n\n\n<li>Sois independientes: reserv\u00e1is pista, tra\u00e9is vuestras pelotas, y os arbitr\u00e1is vosotros mismos.<\/li>\n\n\n\n<li>Los dos gan\u00e1is puntos por jugar, gan\u00e9is o perd\u00e1is, y avanz\u00e1is en el ranking.<\/li>\n\n\n\n<li>Si no puedes jugar, no est\u00e1s obligado, pero tu puntuaci\u00f3n bajar\u00e1 un poco cada tres semanas sin jugar.<\/li>\n\n\n\n<li>Al acercarse al verano, usaremos el ranking para decidir las fases finales del torneo.<\/li>\n\n\n\n<li>A final de a\u00f1o entregaremos trofeos a jugadores destacados. No solo los ganadores tienen premio.<\/li>\n<\/ul>\n\n\n\n<div style=\"height:40px\" aria-hidden=\"true\" class=\"wp-block-spacer\"><\/div>\n\n\n\n<p class=\"has-text-align-left\"><strong>\u00bfTe animas?<\/strong><\/p>\n\n\n\n<p class=\"has-text-align-left\">Participar tiene un coste de 30\u20ac.<br>Con esto obtienes:<\/p>\n\n\n\n<ul class=\"wp-block-list\">\n<li>Acceso al grupo de WhatsApp del social, para que puedas organizar tus partidos<\/li>\n\n\n\n<li>La camiseta del torneo (casi prometemos que no ser\u00e1 azul marino\u2026\ud83e\udd23\ud83e\udd23\ud83e\udd23)<\/li>\n\n\n\n<li>Bolas en la fase final<\/li>\n\n\n\n<li>Trofeos para los m\u00e1s destacados<\/li>\n<\/ul>\n\n\n\n<p>Si quieres participar, reg\u00edstrate en este <a href=\"https:\/\/forms.office.com\/r\/VbjNPnyRhA\">link<\/a>.<\/p>\n\n\n\n<p class=\"has-text-align-center\">\u00a1<strong>Te esperamos<\/strong>!<\/p>\n<\/div><\/div>\n\n\n\n<div style=\"height:21px\" aria-hidden=\"true\" class=\"wp-block-spacer\"><\/div>\n\n\n\n<div id=\"Ranking\" class=\"wp-block-uagb-container uagb-block-c33f4012 alignfull uagb-is-root-container\"><div class=\"uagb-container-inner-blocks-wrap\">\n<div class=\"wp-block-uagb-info-box uagb-block-0b8b0903 uagb-infobox__content-wrap  uagb-infobox-icon-above-title uagb-infobox-image-valign-top\"><div class=\"uagb-ifb-content\"><div class=\"uagb-ifb-icon-wrap\"><svg xmlns=\"https:\/\/www.w3.org\/2000\/svg\" viewBox=\"0 0 512 512\"><path d=\"M0 256C0 114.6 114.6 0 256 0C397.4 0 512 114.6 512 256C512 397.4 397.4 512 256 512C114.6 512 0 397.4 0 256zM371.8 211.8C382.7 200.9 382.7 183.1 371.8 172.2C360.9 161.3 343.1 161.3 332.2 172.2L224 280.4L179.8 236.2C168.9 225.3 151.1 225.3 140.2 236.2C129.3 247.1 129.3 264.9 140.2 275.8L204.2 339.8C215.1 350.7 232.9 350.7 243.8 339.8L371.8 211.8z\"><\/path><\/svg><\/div><div class=\"uagb-ifb-title-wrap\"><h3 class=\"uagb-ifb-title\">Ranking actualizado<\/h3><\/div><\/div><\/div>\n\n\n\n<iframe loading=\"lazy\" width=\"500\" height=\"682\" frameborder=\"0\" scrolling=\"no\" src=\"https:\/\/1drv.ms\/x\/c\/b163249863d85901\/UQQBWdhjmCRjIICx4C8AAAAAAKdZINbVfI-FxPI?wdAllowInteractivity=False&#038;ActiveCell=A1&#038;Item=RankingWeb&#038;wdHideGridlines=True&#038;wdInConfigurator=True&#038;wdInConfigurator=True\"><\/iframe>\n\n\n\n<section class=\"wp-block-uagb-section uagb-section__wrap uagb-section__background-none uagb-block-9ae2884f\"><div class=\"uagb-section__overlay\"><\/div><div class=\"uagb-section__inner-wrap\">\n<div class=\"wp-block-columns is-not-stacked-on-mobile is-layout-flex wp-container-core-columns-is-layout-1 wp-block-columns-is-layout-flex\">\n<div class=\"wp-block-column is-layout-flow wp-block-column-is-layout-flow\" style=\"flex-basis:100px\">\n<p> <strong>Leyenda<\/strong><\/p>\n<\/div>\n\n\n\n<div class=\"wp-block-column is-layout-flow wp-block-column-is-layout-flow\" style=\"flex-basis:100%\">\n<p><\/p>\n<\/div>\n<\/div>\n\n\n\n<div class=\"wp-block-columns is-not-stacked-on-mobile is-layout-flex wp-container-core-columns-is-layout-2 wp-block-columns-is-layout-flex\">\n<div class=\"wp-block-column is-layout-flow wp-block-column-is-layout-flow\" style=\"flex-basis:10px\">\n<p><a>\u23f1\ufe0f<\/a><\/p>\n<\/div>\n\n\n\n<div class=\"wp-block-column is-layout-flow wp-block-column-is-layout-flow\" style=\"flex-basis:100%\">\n<p>Primer jugador que ha jugado el social<\/p>\n<\/div>\n<\/div>\n\n\n\n<div class=\"wp-block-columns is-not-stacked-on-mobile is-layout-flex wp-container-core-columns-is-layout-3 wp-block-columns-is-layout-flex\">\n<div class=\"wp-block-column is-layout-flow wp-block-column-is-layout-flow\" style=\"flex-basis:10px\">\n<p><a>\ud83e\udd75<\/a><\/p>\n<\/div>\n\n\n\n<div class=\"wp-block-column is-layout-flow wp-block-column-is-layout-flow\" style=\"flex-basis:100%\">\n<p>Jugador con m\u00e1s partidos jugados<\/p>\n<\/div>\n<\/div>\n\n\n\n<div class=\"wp-block-columns is-not-stacked-on-mobile is-layout-flex wp-container-core-columns-is-layout-4 wp-block-columns-is-layout-flex\">\n<div class=\"wp-block-column is-layout-flow wp-block-column-is-layout-flow\" style=\"flex-basis:10px\">\n<p><a>\ud83c\udd99<\/a><\/p>\n<\/div>\n\n\n\n<div class=\"wp-block-column is-layout-flow wp-block-column-is-layout-flow\" style=\"flex-basis:100%\">\n<p>Jugador que ha subido el mayor n\u00famero de posiciones<\/p>\n<\/div>\n<\/div>\n\n\n\n<div class=\"wp-block-columns is-not-stacked-on-mobile is-layout-flex wp-container-core-columns-is-layout-5 wp-block-columns-is-layout-flex\">\n<div class=\"wp-block-column is-layout-flow wp-block-column-is-layout-flow\" style=\"flex-basis:10px\">\n<p><a>\ud83e\udd47<\/a><\/p>\n<\/div>\n\n\n\n<div class=\"wp-block-column is-layout-flow wp-block-column-is-layout-flow\" style=\"flex-basis:100%\">\n<p>Jugador que va primero en el ranking<\/p>\n<\/div>\n<\/div>\n\n\n\n<div class=\"wp-block-columns is-not-stacked-on-mobile is-layout-flex wp-container-core-columns-is-layout-6 wp-block-columns-is-layout-flex\">\n<div class=\"wp-block-column is-layout-flow wp-block-column-is-layout-flow\" style=\"flex-basis:10px\">\n<p><a>\ud83e\udd48<\/a><\/p>\n<\/div>\n\n\n\n<div class=\"wp-block-column is-layout-flow wp-block-column-is-layout-flow\" style=\"flex-basis:100%\">\n<p>Jugador que va segundo en el ranking<\/p>\n<\/div>\n<\/div>\n\n\n\n<div class=\"wp-block-columns is-not-stacked-on-mobile is-layout-flex wp-container-core-columns-is-layout-7 wp-block-columns-is-layout-flex\">\n<div class=\"wp-block-column is-layout-flow wp-block-column-is-layout-flow\" style=\"flex-basis:10px\">\n<p><a>\ud83e\udd49<\/a><\/p>\n<\/div>\n\n\n\n<div class=\"wp-block-column is-layout-flow wp-block-column-is-layout-flow\" style=\"flex-basis:100%\">\n<p>Jugador que va tercero en el ranking<\/p>\n<\/div>\n<\/div>\n\n\n\n<div class=\"wp-block-columns is-not-stacked-on-mobile is-layout-flex wp-container-core-columns-is-layout-8 wp-block-columns-is-layout-flex\">\n<div class=\"wp-block-column is-layout-flow wp-block-column-is-layout-flow\" style=\"flex-basis:10px\">\n<p><a>\ud83d\udc4d<\/a><\/p>\n<\/div>\n\n\n\n<div class=\"wp-block-column is-layout-flow wp-block-column-is-layout-flow\" style=\"flex-basis:100%\">\n<p>Jugador que tiene un mejor ratio ganados vs jugados<\/p>\n<\/div>\n<\/div>\n\n\n\n<div class=\"wp-block-columns is-not-stacked-on-mobile is-layout-flex wp-container-core-columns-is-layout-9 wp-block-columns-is-layout-flex\">\n<div class=\"wp-block-column is-layout-flow wp-block-column-is-layout-flow\" style=\"flex-basis:10px\">\n<p><a>\ud83d\udcaa<\/a><\/p>\n<\/div>\n\n\n\n<div class=\"wp-block-column is-layout-flow wp-block-column-is-layout-flow\" style=\"flex-basis:100%\">\n<p>Jugador que ha ganado m\u00e1s partidos<\/p>\n<\/div>\n<\/div>\n\n\n\n<div class=\"wp-block-columns is-not-stacked-on-mobile is-layout-flex wp-container-core-columns-is-layout-10 wp-block-columns-is-layout-flex\">\n<div class=\"wp-block-column is-layout-flow wp-block-column-is-layout-flow\" style=\"flex-basis:10px\">\n<p><a>\ud83d\udc6c<\/a><\/p>\n<\/div>\n\n\n\n<div class=\"wp-block-column is-layout-flow wp-block-column-is-layout-flow\" style=\"flex-basis:100%\">\n<p>Partido que se ha repetido m\u00e1s veces<\/p>\n<\/div>\n<\/div>\n<\/div><\/section>\n<\/div><\/div>\n\n\n\n<div style=\"height:21px\" aria-hidden=\"true\" class=\"wp-block-spacer\"><\/div>\n\n\n\n<div style=\"height:47px\" aria-hidden=\"true\" class=\"wp-block-spacer\"><\/div>\n\n\n\n<div id=\"Resultados\" class=\"wp-block-uagb-container uagb-block-53e3f536 alignfull uagb-is-root-container\"><div class=\"uagb-container-inner-blocks-wrap\">\n<div class=\"wp-block-uagb-info-box uagb-block-5da2e391 uagb-infobox__content-wrap  uagb-infobox-icon-above-title uagb-infobox-image-valign-top\"><div class=\"uagb-ifb-content\"><div class=\"uagb-ifb-icon-wrap\"><svg xmlns=\"https:\/\/www.w3.org\/2000\/svg\" viewBox=\"0 0 512 512\"><path d=\"M0 256C0 114.6 114.6 0 256 0C397.4 0 512 114.6 512 256C512 397.4 397.4 512 256 512C114.6 512 0 397.4 0 256zM371.8 211.8C382.7 200.9 382.7 183.1 371.8 172.2C360.9 161.3 343.1 161.3 332.2 172.2L224 280.4L179.8 236.2C168.9 225.3 151.1 225.3 140.2 236.2C129.3 247.1 129.3 264.9 140.2 275.8L204.2 339.8C215.1 350.7 232.9 350.7 243.8 339.8L371.8 211.8z\"><\/path><\/svg><\/div><div class=\"uagb-ifb-title-wrap\"><h3 class=\"uagb-ifb-title\">Resultados Fase Clasificatoria<\/h3><\/div><\/div><\/div>\n\n\n\n<iframe loading=\"lazy\" width=\"700\" height=\"900\" frameborder=\"0\" scrolling=\"no\" src=\"https:\/\/1drv.ms\/x\/c\/b163249863d85901\/UQQBWdhjmCRjIICx4C8AAAAAAKdZINbVfI-FxPI?wdAllowInteractivity=False&#038;ActiveCell=A1&#038;Item=Matches&#038;wdHideGridlines=True&#038;wdInConfigurator=True&#038;wdInConfigurator=True\"><\/iframe>\n\n\n\n<div style=\"height:100px\" aria-hidden=\"true\" class=\"wp-block-spacer\"><\/div>\n<\/div><\/div>\n\n\n\n<div style=\"height:47px\" aria-hidden=\"true\" class=\"wp-block-spacer\"><\/div>\n\n\n\n<div id=\"Normativa\" class=\"wp-block-uagb-container uagb-block-6d017d8f alignfull uagb-is-root-container\"><div class=\"uagb-container-inner-blocks-wrap\">\n<div class=\"wp-block-uagb-info-box uagb-block-5cef845b uagb-infobox__content-wrap  uagb-infobox-icon-above-title uagb-infobox-image-valign-top\"><div class=\"uagb-ifb-content\"><div class=\"uagb-ifb-icon-wrap\"><svg xmlns=\"https:\/\/www.w3.org\/2000\/svg\" viewBox=\"0 0 512 512\"><path d=\"M0 256C0 114.6 114.6 0 256 0C397.4 0 512 114.6 512 256C512 397.4 397.4 512 256 512C114.6 512 0 397.4 0 256zM371.8 211.8C382.7 200.9 382.7 183.1 371.8 172.2C360.9 161.3 343.1 161.3 332.2 172.2L224 280.4L179.8 236.2C168.9 225.3 151.1 225.3 140.2 236.2C129.3 247.1 129.3 264.9 140.2 275.8L204.2 339.8C215.1 350.7 232.9 350.7 243.8 339.8L371.8 211.8z\"><\/path><\/svg><\/div><div class=\"uagb-ifb-title-wrap\"><h3 class=\"uagb-ifb-title\">Normativa del torneo<\/h3><\/div><\/div><\/div>\n\n\n\n<div class=\"wp-block-uagb-tabs uagb-block-97ef86b0 uagb-tabs__wrap uagb-tabs__hstyle1-desktop uagb-tabs__vstyle6-tablet uagb-tabs__stack1-mobile\" data-tab-active=\"0\"><ul class=\"uagb-tabs__panel uagb-tabs__align-left\" role=\"tablist\"><li class=\"uagb-tab uagb-tabs__active\" role=\"none\"><a href=\"#uagb-tabs__tab0\" class=\"uagb-tabs-list uagb-tabs__icon-position-left\" data-tab=\"0\" role=\"tab\"><div>Castellano<\/div><\/a><\/li><li class=\"uagb-tab \" role=\"none\"><a href=\"#uagb-tabs__tab1\" class=\"uagb-tabs-list uagb-tabs__icon-position-left\" data-tab=\"1\" role=\"tab\"><div>English<\/div><\/a><\/li><li class=\"uagb-tab \" role=\"none\"><a href=\"#uagb-tabs__tab2\" class=\"uagb-tabs-list uagb-tabs__icon-position-left\" data-tab=\"2\" role=\"tab\"><div>Deutsch<\/div><\/a><\/li><\/ul><div class=\"uagb-tabs__body-wrap\">\n<div class=\"wp-block-uagb-tabs-child uagb-tabs__body-container uagb-inner-tab-0\" aria-labelledby=\"uagb-tabs__tab0\">\n<div data-wp-interactive=\"core\/file\" class=\"wp-block-file\"><object data-wp-bind--hidden=\"!state.hasPdfPreview\"  class=\"wp-block-file__embed\" data=\"https:\/\/clubtenisllucmajor.es\/wp-content\/uploads\/2024\/10\/Reglas-Torneo-Social-2024-25.pdf\" type=\"application\/pdf\" style=\"width:100%;height:840px\" aria-label=\"Incrustado de Reglas Torneo Social 2024-25.\"><\/object><a id=\"wp-block-file--media-202cc285-91c6-4fba-abcc-2060729a8ff7\" href=\"https:\/\/clubtenisllucmajor.es\/wp-content\/uploads\/2024\/10\/Reglas-Torneo-Social-2024-25.pdf\">Reglas Torneo Social 2024-25<\/a><a href=\"https:\/\/clubtenisllucmajor.es\/wp-content\/uploads\/2024\/10\/Reglas-Torneo-Social-2024-25.pdf\" class=\"wp-block-file__button wp-element-button\" download aria-describedby=\"wp-block-file--media-202cc285-91c6-4fba-abcc-2060729a8ff7\">Descarga<\/a><\/div>\n<\/div>\n\n\n\n<div class=\"wp-block-uagb-tabs-child uagb-tabs__body-container uagb-inner-tab-1\" aria-labelledby=\"uagb-tabs__tab1\">\n<div data-wp-interactive=\"core\/file\" class=\"wp-block-file\"><object data-wp-bind--hidden=\"!state.hasPdfPreview\"  class=\"wp-block-file__embed\" data=\"https:\/\/clubtenisllucmajor.es\/wp-content\/uploads\/2024\/10\/Social-Tournament-2024-ENG.pdf\" type=\"application\/pdf\" style=\"width:100%;height:840px\" aria-label=\"Incrustado de Social Tournament 2024 (ENG).\"><\/object><a id=\"wp-block-file--media-09e591a0-7722-4df6-bfb0-2a2a1be08a47\" href=\"https:\/\/clubtenisllucmajor.es\/wp-content\/uploads\/2024\/10\/Social-Tournament-2024-ENG.pdf\">Social Tournament 2024 (ENG)<\/a><a href=\"https:\/\/clubtenisllucmajor.es\/wp-content\/uploads\/2024\/10\/Social-Tournament-2024-ENG.pdf\" class=\"wp-block-file__button wp-element-button\" download aria-describedby=\"wp-block-file--media-09e591a0-7722-4df6-bfb0-2a2a1be08a47\">Descarga<\/a><\/div>\n<\/div>\n\n\n\n<div class=\"wp-block-uagb-tabs-child uagb-tabs__body-container uagb-inner-tab-2\" aria-labelledby=\"uagb-tabs__tab2\">\n<div data-wp-interactive=\"core\/file\" class=\"wp-block-file\"><object data-wp-bind--hidden=\"!state.hasPdfPreview\"  class=\"wp-block-file__embed\" data=\"https:\/\/clubtenisllucmajor.es\/wp-content\/uploads\/2024\/10\/Soziales-Turnier-2024-ALE.pdf\" type=\"application\/pdf\" style=\"width:100%;height:840px\" aria-label=\"Incrustado de Soziales Turnier 2024 (ALE).\"><\/object><a id=\"wp-block-file--media-5ba21276-5a47-4f1a-929f-33d0a714f298\" href=\"https:\/\/clubtenisllucmajor.es\/wp-content\/uploads\/2024\/10\/Soziales-Turnier-2024-ALE.pdf\">Soziales Turnier 2024 (ALE)<\/a><a href=\"https:\/\/clubtenisllucmajor.es\/wp-content\/uploads\/2024\/10\/Soziales-Turnier-2024-ALE.pdf\" class=\"wp-block-file__button wp-element-button\" download aria-describedby=\"wp-block-file--media-5ba21276-5a47-4f1a-929f-33d0a714f298\">Descarga<\/a><\/div>\n<\/div>\n<\/div><\/div>\n<\/div><\/div>\n\n\n\n<div style=\"height:47px\" aria-hidden=\"true\" class=\"wp-block-spacer\"><\/div>\n\n\n\n<p><\/p>\n","protected":false},"excerpt":{"rendered":"<p>Social Absoluto 2024-2025 Bienvenido a la p\u00e1gina del torneo social Absoluto 2024-2025, aqu\u00ed podr\u00e1s encontrar el ranking y los resultados de la fase clasificatoria, as\u00ed como los cuadros de la fase final. Como ya sab\u00e9is, este a\u00f1o 2024 tuvimos la primera edici\u00f3n del Torneo Social Absoluto, que fue todo un \u00e9xito de participaci\u00f3n y del [&hellip;]<\/p>\n","protected":false},"author":1,"featured_media":0,"parent":0,"menu_order":0,"comment_status":"closed","ping_status":"closed","template":"","meta":{"_uag_custom_page_level_css":"","site-sidebar-layout":"default","site-content-layout":"page-builder","ast-site-content-layout":"default","site-content-style":"default","site-sidebar-style":"default","ast-global-header-display":"","ast-banner-title-visibility":"","ast-main-header-display":"","ast-hfb-above-header-display":"","ast-hfb-below-header-display":"","ast-hfb-mobile-header-display":"","site-post-title":"disabled","ast-breadcrumbs-content":"","ast-featured-img":"disabled","footer-sml-layout":"","ast-disable-related-posts":"","theme-transparent-header-meta":"disabled","adv-header-id-meta":"","stick-header-meta":"","header-above-stick-meta":"","header-main-stick-meta":"","header-below-stick-meta":"","astra-migrate-meta-layouts":"set","ast-page-background-enabled":"default","ast-page-background-meta":{"desktop":{"background-color":"var(--ast-global-color-4)","background-image":"","background-repeat":"repeat","background-position":"center center","background-size":"auto","background-attachment":"scroll","background-type":"","background-media":"","overlay-type":"","overlay-color":"","overlay-opacity":"","overlay-gradient":""},"tablet":{"background-color":"","background-image":"","background-repeat":"repeat","background-position":"center center","background-size":"auto","background-attachment":"scroll","background-type":"","background-media":"","overlay-type":"","overlay-color":"","overlay-opacity":"","overlay-gradient":""},"mobile":{"background-color":"","background-image":"","background-repeat":"repeat","background-position":"center center","background-size":"auto","background-attachment":"scroll","background-type":"","background-media":"","overlay-type":"","overlay-color":"","overlay-opacity":"","overlay-gradient":""}},"ast-content-background-meta":{"desktop":{"background-color":"var(--ast-global-color-5)","background-image":"","background-repeat":"repeat","background-position":"center center","background-size":"auto","background-attachment":"scroll","background-type":"","background-media":"","overlay-type":"","overlay-color":"","overlay-opacity":"","overlay-gradient":""},"tablet":{"background-color":"var(--ast-global-color-5)","background-image":"","background-repeat":"repeat","background-position":"center center","background-size":"auto","background-attachment":"scroll","background-type":"","background-media":"","overlay-type":"","overlay-color":"","overlay-opacity":"","overlay-gradient":""},"mobile":{"background-color":"var(--ast-global-color-5)","background-image":"","background-repeat":"repeat","background-position":"center center","background-size":"auto","background-attachment":"scroll","background-type":"","background-media":"","overlay-type":"","overlay-color":"","overlay-opacity":"","overlay-gradient":""}},"ngg_post_thumbnail":0,"footnotes":""},"class_list":["post-3705","page","type-page","status-publish","hentry"],"uagb_featured_image_src":{"full":false,"thumbnail":false,"medium":false,"medium_large":false,"large":false,"1536x1536":false,"2048x2048":false},"uagb_author_info":{"display_name":"jc_bermejo","author_link":"https:\/\/clubtenisllucmajor.es\/?author=1"},"uagb_comment_info":0,"uagb_excerpt":"Social Absoluto 2024-2025 Bienvenido a la p\u00e1gina del torneo social Absoluto 2024-2025, aqu\u00ed podr\u00e1s encontrar el ranking y los resultados de la fase clasificatoria, as\u00ed como los cuadros de la fase final. Como ya sab\u00e9is, este a\u00f1o 2024 tuvimos la primera edici\u00f3n del Torneo Social Absoluto, que fue todo un \u00e9xito de participaci\u00f3n y del&hellip;","_links":{"self":[{"href":"https:\/\/clubtenisllucmajor.es\/index.php?rest_route=\/wp\/v2\/pages\/3705"}],"collection":[{"href":"https:\/\/clubtenisllucmajor.es\/index.php?rest_route=\/wp\/v2\/pages"}],"about":[{"href":"https:\/\/clubtenisllucmajor.es\/index.php?rest_route=\/wp\/v2\/types\/page"}],"author":[{"embeddable":true,"href":"https:\/\/clubtenisllucmajor.es\/index.php?rest_route=\/wp\/v2\/users\/1"}],"replies":[{"embeddable":true,"href":"https:\/\/clubtenisllucmajor.es\/index.php?rest_route=%2Fwp%2Fv2%2Fcomments&post=3705"}],"version-history":[{"count":118,"href":"https:\/\/clubtenisllucmajor.es\/index.php?rest_route=\/wp\/v2\/pages\/3705\/revisions"}],"predecessor-version":[{"id":4483,"href":"https:\/\/clubtenisllucmajor.es\/index.php?rest_route=\/wp\/v2\/pages\/3705\/revisions\/4483"}],"wp:attachment":[{"href":"https:\/\/clubtenisllucmajor.es\/index.php?rest_route=%2Fwp%2Fv2%2Fmedia&parent=3705"}],"curies":[{"name":"wp","href":"https:\/\/api.w.org\/{rel}","templated":true}]}}